{"id":4696,"date":"2023-06-12T03:07:25","date_gmt":"2023-06-12T03:07:25","guid":{"rendered":"https:\/\/www.dtffilmmfr.com\/?page_id=4696"},"modified":"2026-01-12T06:48:06","modified_gmt":"2026-01-12T06:48:06","slug":"our-certificate","status":"publish","type":"page","link":"https:\/\/www.dtffilmmfr.com\/es\/company\/our-certificate\/","title":{"rendered":"Certificaciones y Cumplimiento"},"content":{"rendered":"<style>.kb-row-layout-id4696_8031ae-85 > .kt-row-column-wrap{align-content:start;}:where(.kb-row-layout-id4696_8031ae-85 > .kt-row-column-wrap) > .wp-block-kadence-column{justify-content:start;}.kb-row-layout-id4696_8031ae-85 > .kt-row-column-wrap{column-gap:var(--global-kb-gap-md, 2rem);row-gap:var(--global-kb-gap-md, 2rem);max-width:var( --global-content-width, 1290px );padding-left:var(--global-content-edge-padding);padding-right:var(--global-content-edge-padding);padding-top:var(--global-kb-spacing-sm, 1.5rem);padding-bottom:var(--global-kb-spacing-sm, 1.5rem);grid-template-columns:minmax(0, 1fr);}.kb-row-layout-id4696_8031ae-85 > .kt-row-layout-overlay{opacity:0.30;}@media all and (max-width: 1024px){.kb-row-layout-id4696_8031ae-85 > .kt-row-column-wrap{grid-template-columns:minmax(0, 1fr);}}@media all and (max-width: 767px){.kb-row-layout-id4696_8031ae-85 > .kt-row-column-wrap{grid-template-columns:minmax(0, 1fr);}}<\/style><div class=\"kb-row-layout-wrap kb-row-layout-id4696_8031ae-85 alignnone wp-block-kadence-rowlayout\"><div class=\"kt-row-column-wrap kt-has-1-columns kt-row-layout-equal kt-tab-layout-inherit kt-mobile-layout-row kt-row-valign-top kb-theme-content-width\">\n<style>.kadence-column4696_d891ec-44 > .kt-inside-inner-col,.kadence-column4696_d891ec-44 > .kt-inside-inner-col:before{border-top-left-radius:0px;border-top-right-radius:0px;border-bottom-right-radius:0px;border-bottom-left-radius:0px;}.kadence-column4696_d891ec-44 > .kt-inside-inner-col{column-gap:var(--global-kb-gap-sm, 1rem);}.kadence-column4696_d891ec-44 > .kt-inside-inner-col{flex-direction:column;}.kadence-column4696_d891ec-44 > .kt-inside-inner-col > .aligncenter{width:100%;}.kadence-column4696_d891ec-44 > .kt-inside-inner-col:before{opacity:0.3;}.kadence-column4696_d891ec-44{position:relative;}@media all and (max-width: 1024px){.kadence-column4696_d891ec-44 > .kt-inside-inner-col{flex-direction:column;}}@media all and (max-width: 767px){.kadence-column4696_d891ec-44 > .kt-inside-inner-col{flex-direction:column;}}<\/style>\n<div class=\"wp-block-kadence-column kadence-column4696_d891ec-44\"><div class=\"kt-inside-inner-col\">\n<p>En MAXDTF, la seguridad del producto, el cumplimiento qu\u00edmico y la consistencia en la fabricaci\u00f3n son pilares fundamentales de nuestra filosof\u00eda de producci\u00f3n. Nuestros consumibles DTF se fabrican bajo un sistema estructurado de control de calidad y se someten a pruebas conforme a est\u00e1ndares internacionales reconocidos. <\/p>\n\n\n<style>.wp-block-kadence-advancedheading.kt-adv-heading4696_bdd4ac-00, .wp-block-kadence-advancedheading.kt-adv-heading4696_bdd4ac-00[data-kb-block=\"kb-adv-heading4696_bdd4ac-00\"]{font-style:normal;}.wp-block-kadence-advancedheading.kt-adv-heading4696_bdd4ac-00 mark, .wp-block-kadence-advancedheading.kt-adv-heading4696_bdd4ac-00[data-kb-block=\"kb-adv-heading4696_bdd4ac-00\"] mark{font-style:normal;color:#f76a0c;padding-top:0px;padding-right:0px;padding-bottom:0px;padding-left:0px;}<\/style>\n<h2 class=\"kt-adv-heading4696_bdd4ac-00 wp-block-kadence-advancedheading\" data-kb-block=\"kb-adv-heading4696_bdd4ac-00\">Certificaci\u00f3n OEKO\u2011TEX\u00ae STANDARD 100<\/h2>\n\n\n\n<p>OEKO\u2011TEX\u00ae STANDARD 100 es una certificaci\u00f3n de seguridad textil reconocida a nivel mundial. Garantiza que los materiales han sido analizados para detectar sustancias nocivas y cumplen con estrictos criterios de seguridad ecol\u00f3gica y humana.<\/p>\n\n\n<style>.wp-block-kadence-advancedheading.kt-adv-heading4696_8ceb30-8e, .wp-block-kadence-advancedheading.kt-adv-heading4696_8ceb30-8e[data-kb-block=\"kb-adv-heading4696_8ceb30-8e\"]{font-style:normal;}.wp-block-kadence-advancedheading.kt-adv-heading4696_8ceb30-8e mark, .wp-block-kadence-advancedheading.kt-adv-heading4696_8ceb30-8e[data-kb-block=\"kb-adv-heading4696_8ceb30-8e\"] mark{font-style:normal;color:#f76a0c;padding-top:0px;padding-right:0px;padding-bottom:0px;padding-left:0px;}<\/style>\n<h2 class=\"kt-adv-heading4696_8ceb30-8e wp-block-kadence-advancedheading\" data-kb-block=\"kb-adv-heading4696_8ceb30-8e\">Informe de Pruebas de Colorantes Azoicos \u2013 Pel\u00edcula DTF<\/h2>\n\n\n\n<p>Este informe confirma que nuestra pel\u00edcula DTF ha sido sometida a pruebas de detecci\u00f3n de colorantes azoicos dentro de los l\u00edmites regulados, asegurando su idoneidad para aplicaciones textiles y de impresi\u00f3n de prendas.<\/p>\n\n\n<style>.wp-block-kadence-advancedheading.kt-adv-heading4696_fd5a53-9a, .wp-block-kadence-advancedheading.kt-adv-heading4696_fd5a53-9a[data-kb-block=\"kb-adv-heading4696_fd5a53-9a\"]{font-style:normal;}.wp-block-kadence-advancedheading.kt-adv-heading4696_fd5a53-9a mark, .wp-block-kadence-advancedheading.kt-adv-heading4696_fd5a53-9a[data-kb-block=\"kb-adv-heading4696_fd5a53-9a\"] mark{font-style:normal;color:#f76a0c;padding-top:0px;padding-right:0px;padding-bottom:0px;padding-left:0px;}<\/style>\n<h2 class=\"kt-adv-heading4696_fd5a53-9a wp-block-kadence-advancedheading\" data-kb-block=\"kb-adv-heading4696_fd5a53-9a\">Informe de Pruebas de Colorantes Azoicos \u2013 Polvo Termofusible<\/h2>\n\n\n\n<p>Nuestro polvo termofusible ha sido evaluado para verificar el contenido de colorantes azoicos, cumpliendo con los requisitos de seguridad qu\u00edmica y garantizando un rendimiento de adhesi\u00f3n estable.<\/p>\n\n\n<style>.wp-block-kadence-advancedheading.kt-adv-heading4696_f5c81d-78, .wp-block-kadence-advancedheading.kt-adv-heading4696_f5c81d-78[data-kb-block=\"kb-adv-heading4696_f5c81d-78\"]{font-style:normal;}.wp-block-kadence-advancedheading.kt-adv-heading4696_f5c81d-78 mark, .wp-block-kadence-advancedheading.kt-adv-heading4696_f5c81d-78[data-kb-block=\"kb-adv-heading4696_f5c81d-78\"] mark{font-style:normal;color:#f76a0c;padding-top:0px;padding-right:0px;padding-bottom:0px;padding-left:0px;}<\/style>\n<h2 class=\"kt-adv-heading4696_f5c81d-78 wp-block-kadence-advancedheading\" data-kb-block=\"kb-adv-heading4696_f5c81d-78\">Documentaci\u00f3n Disponible Bajo Solicitud<\/h2>\n\n\n\n<p>La documentaci\u00f3n completa de certificaciones e informes de prueba est\u00e1 disponible bajo solicitud para distribuidores, propietarios de marcas y socios OEM calificados.<\/p>\n<\/div><\/div>\n\n<\/div><\/div>\n\n<style>.kb-row-layout-id4696_a428cc-c0 > .kt-row-column-wrap{align-content:start;}:where(.kb-row-layout-id4696_a428cc-c0 > .kt-row-column-wrap) > .wp-block-kadence-column{justify-content:start;}.kb-row-layout-id4696_a428cc-c0 > .kt-row-column-wrap{column-gap:var(--global-kb-gap-md, 2rem);row-gap:var(--global-kb-gap-md, 2rem);max-width:var( --global-content-width, 1290px );padding-left:var(--global-content-edge-padding);padding-right:var(--global-content-edge-padding);padding-top:var(--global-kb-spacing-sm, 1.5rem);padding-bottom:var(--global-kb-spacing-sm, 1.5rem);grid-template-columns:minmax(0, 1fr);}.kb-row-layout-id4696_a428cc-c0{background-color:#f1f5f9;}.kb-row-layout-id4696_a428cc-c0 > .kt-row-layout-overlay{opacity:0.30;}@media all and (max-width: 1024px){.kb-row-layout-id4696_a428cc-c0 > .kt-row-column-wrap{grid-template-columns:minmax(0, 1fr);}}@media all and (max-width: 767px){.kb-row-layout-id4696_a428cc-c0 > .kt-row-column-wrap{grid-template-columns:minmax(0, 1fr);}}<\/style><div class=\"kb-row-layout-wrap kb-row-layout-id4696_a428cc-c0 alignnone kt-row-has-bg wp-block-kadence-rowlayout\"><div class=\"kt-row-column-wrap kt-has-1-columns kt-row-layout-equal kt-tab-layout-inherit kt-mobile-layout-row kt-row-valign-top kb-theme-content-width\">\n<style>.kadence-column4696_5bd565-3b > .kt-inside-inner-col,.kadence-column4696_5bd565-3b > .kt-inside-inner-col:before{border-top-left-radius:0px;border-top-right-radius:0px;border-bottom-right-radius:0px;border-bottom-left-radius:0px;}.kadence-column4696_5bd565-3b > .kt-inside-inner-col{column-gap:var(--global-kb-gap-sm, 1rem);}.kadence-column4696_5bd565-3b > .kt-inside-inner-col{flex-direction:column;}.kadence-column4696_5bd565-3b > .kt-inside-inner-col > .aligncenter{width:100%;}.kadence-column4696_5bd565-3b > .kt-inside-inner-col:before{opacity:0.3;}.kadence-column4696_5bd565-3b{position:relative;}@media all and (max-width: 1024px){.kadence-column4696_5bd565-3b > .kt-inside-inner-col{flex-direction:column;}}@media all and (max-width: 767px){.kadence-column4696_5bd565-3b > .kt-inside-inner-col{flex-direction:column;}}<\/style>\n<div class=\"wp-block-kadence-column kadence-column4696_5bd565-3b\"><div class=\"kt-inside-inner-col\"><style>.wp-block-kadence-advancedheading.kt-adv-heading4696_6d4958-f7, .wp-block-kadence-advancedheading.kt-adv-heading4696_6d4958-f7[data-kb-block=\"kb-adv-heading4696_6d4958-f7\"]{font-style:normal;}.wp-block-kadence-advancedheading.kt-adv-heading4696_6d4958-f7 mark, .wp-block-kadence-advancedheading.kt-adv-heading4696_6d4958-f7[data-kb-block=\"kb-adv-heading4696_6d4958-f7\"] mark{font-style:normal;color:#f76a0c;padding-top:0px;padding-right:0px;padding-bottom:0px;padding-left:0px;}<\/style>\n<h2 class=\"kt-adv-heading4696_6d4958-f7 wp-block-kadence-advancedheading\" data-kb-block=\"kb-adv-heading4696_6d4958-f7\"><strong>Request Certification Documents<\/strong><\/h2>\n\n\n\n<p>For full certificates or test reports, please <a href=\"\/contact\/\">contact us<\/a> or email <strong><a href=\"mailto:contact@dtffilmmfr.com\">contact@dtffilmmfr.com<\/a><\/strong>.<br>We respond promptly to qualified requests for compliance documentation.<\/p>\n<\/div><\/div>\n\n<\/div><\/div>","protected":false},"excerpt":{"rendered":"<p>En MAXDTF, la seguridad del producto, el cumplimiento qu\u00edmico y la consistencia en la fabricaci\u00f3n son pilares fundamentales de nuestra filosof\u00eda de producci\u00f3n. Nuestros consumibles DTF se fabrican bajo un sistema estructurado de control de calidad y se someten a pruebas conforme a est\u00e1ndares internacionales reconocidos. Certificaci\u00f3n OEKO\u2011TEX\u00ae STANDARD 100 OEKO\u2011TEX\u00ae STANDARD 100 es una&#8230;<\/p>\n","protected":false},"author":1,"featured_media":0,"parent":14,"menu_order":0,"comment_status":"closed","ping_status":"closed","template":"","meta":{"_kad_blocks_custom_css":"","_kad_blocks_head_custom_js":"","_kad_blocks_body_custom_js":"","_kad_blocks_footer_custom_js":"","_kad_post_transparent":"disable","_kad_post_title":"show","_kad_post_layout":"normal","_kad_post_sidebar_id":"","_kad_post_content_style":"unboxed","_kad_post_vertical_padding":"hide","_kad_post_feature":"hide","_kad_post_feature_position":"","_kad_post_header":false,"_kad_post_footer":false,"footnotes":""},"class_list":["post-4696","page","type-page","status-publish","hentry"],"translation":{"provider":"WPGlobus","version":"2.12.0","language":"es","enabled_languages":["en","es","ru"],"languages":{"en":{"title":true,"content":true,"excerpt":false},"es":{"title":true,"content":true,"excerpt":false},"ru":{"title":true,"content":true,"excerpt":false}}},"aioseo_notices":[],"taxonomy_info":[],"featured_image_src_large":false,"author_info":{"display_name":"MAX DTF","author_link":"https:\/\/www.dtffilmmfr.com\/es\/author\/futdth\/"},"comment_info":0,"_links":{"self":[{"href":"https:\/\/www.dtffilmmfr.com\/es\/wp-json\/wp\/v2\/pages\/4696","targetHints":{"allow":["GET"]}}],"collection":[{"href":"https:\/\/www.dtffilmmfr.com\/es\/wp-json\/wp\/v2\/pages"}],"about":[{"href":"https:\/\/www.dtffilmmfr.com\/es\/wp-json\/wp\/v2\/types\/page"}],"author":[{"embeddable":true,"href":"https:\/\/www.dtffilmmfr.com\/es\/wp-json\/wp\/v2\/users\/1"}],"replies":[{"embeddable":true,"href":"https:\/\/www.dtffilmmfr.com\/es\/wp-json\/wp\/v2\/comments?post=4696"}],"version-history":[{"count":43,"href":"https:\/\/www.dtffilmmfr.com\/es\/wp-json\/wp\/v2\/pages\/4696\/revisions"}],"predecessor-version":[{"id":17459,"href":"https:\/\/www.dtffilmmfr.com\/es\/wp-json\/wp\/v2\/pages\/4696\/revisions\/17459"}],"up":[{"embeddable":true,"href":"https:\/\/www.dtffilmmfr.com\/es\/wp-json\/wp\/v2\/pages\/14"}],"wp:attachment":[{"href":"https:\/\/www.dtffilmmfr.com\/es\/wp-json\/wp\/v2\/media?parent=4696"}],"curies":[{"name":"wp","href":"https:\/\/api.w.org\/{rel}","templated":true}]}}