{"id":14,"date":"2021-12-13T08:57:31","date_gmt":"2021-12-13T08:57:31","guid":{"rendered":"https:\/\/kadence.pixel-show.com\/wooden-craft\/?page_id=14"},"modified":"2026-01-08T03:07:09","modified_gmt":"2026-01-08T03:07:09","slug":"company","status":"publish","type":"page","link":"https:\/\/www.dtffilmmfr.com\/es\/company\/","title":{"rendered":"About MAXDTF"},"content":{"rendered":"<style>.kb-row-layout-id14_5eb763-64 > .kt-row-column-wrap{align-content:center;}:where(.kb-row-layout-id14_5eb763-64 > .kt-row-column-wrap) > .wp-block-kadence-column{justify-content:center;}.kb-row-layout-id14_5eb763-64 > .kt-row-column-wrap{column-gap:var(--global-kb-gap-md, 2rem);row-gap:var(--global-kb-gap-md, 2rem);max-width:var( --global-content-width, 1290px );padding-left:var(--global-content-edge-padding);padding-right:var(--global-content-edge-padding);padding-top:var(--global-kb-spacing-5xl, 10rem);padding-bottom:var(--global-kb-spacing-5xl, 10rem);grid-template-columns:minmax(0, 1fr);}.kb-row-layout-id14_5eb763-64{background-image:url('https:\/\/www.dtffilmmfr.com\/wp-content\/uploads\/2025\/07\/\u5382\u623f.jpg');background-size:cover;background-position:27% 23%;background-attachment:scroll;background-repeat:no-repeat;}.kb-row-layout-id14_5eb763-64 > .kt-row-layout-overlay{opacity:0.00;background:linear-gradient(135deg,rgb(0,47,167) 0%,var(--global-palette2,#EDF2F7) 100%);mix-blend-mode:normal;}.kb-row-layout-id14_5eb763-64 .kt-row-layout-bottom-sep{height:100px;}.kb-row-layout-id14_5eb763-64 .kt-row-layout-bottom-sep svg{width:100%;}.kb-row-layout-id14_5eb763-64 .kt-row-layout-bottom-sep svg{fill:var(--global-palette9, #ffffff)!important;}@media all and (max-width: 1024px){.kb-row-layout-id14_5eb763-64 > .kt-row-column-wrap{grid-template-columns:minmax(0, 1fr);}}@media all and (max-width: 1024px){.kb-row-layout-id14_5eb763-64 .kt-row-layout-bottom-sep{height:px;}}@media all and (max-width: 1024px){.kb-row-layout-id14_5eb763-64 .kt-row-layout-bottom-sep svg{width:%;}}@media all and (max-width: 767px){.kb-row-layout-id14_5eb763-64 > .kt-row-column-wrap{padding-top:var(--global-kb-spacing-xl, 4rem);padding-bottom:var(--global-kb-spacing-xl, 4rem);grid-template-columns:minmax(0, 1fr);}.kb-row-layout-id14_5eb763-64 .kt-row-layout-bottom-sep{height:px;}.kb-row-layout-id14_5eb763-64 .kt-row-layout-bottom-sep svg{width:%;}}<\/style><div class=\"kb-row-layout-wrap kb-row-layout-id14_5eb763-64 alignfull kt-row-has-bg kb-divider-static wp-block-kadence-rowlayout\"><div class=\"kt-row-layout-overlay kt-row-overlay-gradient\"><\/div><div class=\"kt-row-column-wrap kt-has-1-columns kt-row-layout-equal kt-tab-layout-inherit kt-mobile-layout-row kt-row-valign-middle kb-theme-content-width\">\n<style>.kadence-column14_d6c6df-88 > .kt-inside-inner-col,.kadence-column14_d6c6df-88 > .kt-inside-inner-col:before{border-top-left-radius:0px;border-top-right-radius:0px;border-bottom-right-radius:0px;border-bottom-left-radius:0px;}.kadence-column14_d6c6df-88 > .kt-inside-inner-col{column-gap:var(--global-kb-gap-sm, 1rem);}.kadence-column14_d6c6df-88 > .kt-inside-inner-col{flex-direction:column;}.kadence-column14_d6c6df-88 > .kt-inside-inner-col > .aligncenter{width:100%;}.kadence-column14_d6c6df-88 > .kt-inside-inner-col:before{opacity:0.3;}.kadence-column14_d6c6df-88{position:relative;}@media all and (max-width: 1024px){.kadence-column14_d6c6df-88 > .kt-inside-inner-col{flex-direction:column;}}@media all and (max-width: 767px){.kadence-column14_d6c6df-88 > .kt-inside-inner-col{flex-direction:column;}}<\/style>\n<div class=\"wp-block-kadence-column kadence-column14_d6c6df-88 inner-column-1\"><div class=\"kt-inside-inner-col\"><\/div><\/div>\n\n<\/div><\/div>\n\n<style>.kb-row-layout-id14_a20590-11 > .kt-row-column-wrap{align-content:center;}:where(.kb-row-layout-id14_a20590-11 > .kt-row-column-wrap) > .wp-block-kadence-column{justify-content:center;}.kb-row-layout-id14_a20590-11 > .kt-row-column-wrap{column-gap:var(--global-kb-gap-lg, 4rem);row-gap:var(--global-kb-gap-md, 2rem);max-width:var( --global-content-width, 1290px );padding-left:var(--global-content-edge-padding);padding-right:var(--global-content-edge-padding);padding-top:60px;padding-bottom:60px;grid-template-columns:repeat(2, minmax(0, 1fr));}.kb-row-layout-id14_a20590-11 > .kt-row-layout-overlay{opacity:0.30;background-color:var(--global-palette8, #F7FAFC);}@media all and (max-width: 1024px){.kb-row-layout-id14_a20590-11 > .kt-row-column-wrap{column-gap:var(--global-kb-gap-none, 0rem );row-gap:var(--global-kb-gap-none, 0rem );grid-template-columns:repeat(2, minmax(0, 1fr));}}@media all and (max-width: 767px){.kb-row-layout-id14_a20590-11 > .kt-row-column-wrap{grid-template-columns:minmax(0, 1fr);}}<\/style><div class=\"kb-row-layout-wrap kb-row-layout-id14_a20590-11 alignfull has-theme-palette9-background-color kt-row-has-bg wp-block-kadence-rowlayout\"><div class=\"kt-row-layout-overlay kt-row-overlay-normal\"><\/div><div class=\"kt-row-column-wrap kt-has-2-columns kt-row-layout-equal kt-tab-layout-inherit kt-mobile-layout-row kt-row-valign-middle kb-theme-content-width\">\n<style>.kadence-column14_d75015-39 > .kt-inside-inner-col,.kadence-column14_d75015-39 > .kt-inside-inner-col:before{border-top-left-radius:0px;border-top-right-radius:0px;border-bottom-right-radius:0px;border-bottom-left-radius:0px;}.kadence-column14_d75015-39 > .kt-inside-inner-col{column-gap:var(--global-kb-gap-sm, 1rem);}.kadence-column14_d75015-39 > .kt-inside-inner-col{flex-direction:column;}.kadence-column14_d75015-39 > .kt-inside-inner-col > .aligncenter{width:100%;}.kadence-column14_d75015-39 > .kt-inside-inner-col:before{opacity:0.3;}.kadence-column14_d75015-39{position:relative;}@media all and (max-width: 1024px){.kadence-column14_d75015-39 > .kt-inside-inner-col{flex-direction:column;}}@media all and (max-width: 767px){.kadence-column14_d75015-39 > .kt-inside-inner-col{flex-direction:column;}}<\/style>\n<div class=\"wp-block-kadence-column kadence-column14_d75015-39\"><div class=\"kt-inside-inner-col\">\n<p>Nuestras pel\u00edculas DTF se utilizan en diversas aplicaciones, incluidas.<\/p>\n\n\n\n<ul class=\"is-style-checked wp-block-list\">\n<li>Pel\u00edcula DTF con purpurina<\/li>\n\n\n\n<li>Pel\u00edcula DTF met\u00e1lica, Pel\u00edcula DTF dorada, Pel\u00edcula DTF plateada<\/li>\n\n\n\n<li>Pel\u00edcula DTF Luminosa<\/li>\n\n\n\n<li>Pel\u00edcula DTF Reflectante<\/li>\n\n\n\n<li>Pel\u00edcula DTF Camale\u00f3n<\/li>\n\n\n\n<li>Pel\u00edcula DTF de alta calidad, acabado brillante y acabado mate<\/li>\n\n\n\n<li>Pel\u00edcula DTF de primera calidad<\/li>\n\n\n\n<li>Pel\u00edcula DTF Premium Plus<\/li>\n\n\n\n<li>Pel\u00edcula DTF s\u00faper premium<\/li>\n\n\n\n<li>Polvo termofusible DTF<\/li>\n\n\n\n<li>Pel\u00edcula UV DTF AB<\/li>\n<\/ul>\n\n\n\n<p>Son conocidos por sus caracter\u00edsticas clave de la siguiente manera.<\/p>\n\n\n\n<ul class=\"wp-block-list\">\n<li>Una excelente capa de revestimiento antiest\u00e1tico permite que la pel\u00edcula se mueva de manera estable.<\/li>\n\n\n\n<li>Pel\u00edcula de pelado en caliente instant\u00e1nea, pel\u00edcula de pelado m\u00e1s c\u00e1lida, pel\u00edcula de pelado en fr\u00edo.<\/li>\n\n\n\n<li>Pel\u00edcula de PET resistente a altas temperaturas como pel\u00edcula base.<\/li>\n<\/ul>\n<\/div><\/div>\n\n\n<style>.kadence-column14_5e4d30-29 > .kt-inside-inner-col,.kadence-column14_5e4d30-29 > .kt-inside-inner-col:before{border-top-left-radius:0px;border-top-right-radius:0px;border-bottom-right-radius:0px;border-bottom-left-radius:0px;}.kadence-column14_5e4d30-29 > .kt-inside-inner-col{column-gap:var(--global-kb-gap-sm, 1rem);}.kadence-column14_5e4d30-29 > .kt-inside-inner-col{flex-direction:column;}.kadence-column14_5e4d30-29 > .kt-inside-inner-col > .aligncenter{width:100%;}.kadence-column14_5e4d30-29 > .kt-inside-inner-col:before{opacity:0.3;}.kadence-column14_5e4d30-29{position:relative;}@media all and (max-width: 1024px){.kadence-column14_5e4d30-29 > .kt-inside-inner-col{flex-direction:column;}}@media all and (max-width: 767px){.kadence-column14_5e4d30-29 > .kt-inside-inner-col{flex-direction:column;}}<\/style>\n<div class=\"wp-block-kadence-column kadence-column14_5e4d30-29\"><div class=\"kt-inside-inner-col\">\n<p>Nuestras instalaciones de producci\u00f3n de \u00faltima generaci\u00f3n est\u00e1n equipadas con tecnolog\u00eda avanzada, lo que nos permite producir pel\u00edculas DTF de alta calidad de manera constante. Contamos con un equipo de profesionales altamente capacitados y experimentados que se dedican a satisfacer las necesidades de nuestros clientes y brindar productos y servicios excepcionales.<\/p>\n\n\n\n<p>Adem\u00e1s de producir pel\u00edculas DTF de alta calidad, estamos comprometidos con la mejora y la innovaci\u00f3n continuas. Invertimos regularmente en investigaci\u00f3n y desarrollo para asegurarnos de estar a la vanguardia de la industria y poder ofrecer a nuestros clientes las pel\u00edculas DTF m\u00e1s recientes y avanzadas.<\/p>\n\n\n\n<p>Gracias por considerar MAXDTF para sus necesidades de pel\u00edculas DTF. Esperamos tener la oportunidad de servirle y ayudar a que su negocio tenga \u00e9xito.<\/p>\n<\/div><\/div>\n\n<\/div><\/div>\n\n<style>.kb-row-layout-id14_ddf933-aa > .kt-row-column-wrap{align-content:start;}:where(.kb-row-layout-id14_ddf933-aa > .kt-row-column-wrap) > .wp-block-kadence-column{justify-content:start;}.kb-row-layout-id14_ddf933-aa > .kt-row-column-wrap{column-gap:var(--global-kb-gap-md, 2rem);row-gap:var(--global-kb-gap-md, 2rem);max-width:var( --global-content-width, 1290px );padding-left:var(--global-content-edge-padding);padding-right:var(--global-content-edge-padding);padding-top:var(--global-kb-spacing-xxl, 5rem);padding-bottom:var(--global-kb-spacing-xs, 1rem);grid-template-columns:minmax(0, 1fr);}.kb-row-layout-id14_ddf933-aa > .kt-row-layout-overlay{opacity:0.30;}@media all and (max-width: 1024px){.kb-row-layout-id14_ddf933-aa > .kt-row-column-wrap{grid-template-columns:repeat(2, minmax(0, 1fr));}}@media all and (max-width: 767px){.kb-row-layout-id14_ddf933-aa > .kt-row-column-wrap{grid-template-columns:minmax(0, 1fr);}}<\/style><div class=\"kb-row-layout-wrap kb-row-layout-id14_ddf933-aa alignfull has-theme-palette7-background-color kt-row-has-bg wp-block-kadence-rowlayout\"><div class=\"kt-row-column-wrap kt-has-2-columns kt-row-layout-row kt-tab-layout-inherit kt-mobile-layout-row kt-row-valign-top kb-theme-content-width\">\n<style>.kadence-column14_502633-3a > .kt-inside-inner-col,.kadence-column14_502633-3a > .kt-inside-inner-col:before{border-top-left-radius:0px;border-top-right-radius:0px;border-bottom-right-radius:0px;border-bottom-left-radius:0px;}.kadence-column14_502633-3a > .kt-inside-inner-col{column-gap:var(--global-kb-gap-sm, 1rem);}.kadence-column14_502633-3a > .kt-inside-inner-col{flex-direction:column;}.kadence-column14_502633-3a > .kt-inside-inner-col > .aligncenter{width:100%;}.kadence-column14_502633-3a > .kt-inside-inner-col:before{opacity:0.3;}.kadence-column14_502633-3a{position:relative;}@media all and (max-width: 1024px){.kadence-column14_502633-3a > .kt-inside-inner-col{flex-direction:column;}}@media all and (max-width: 767px){.kadence-column14_502633-3a > .kt-inside-inner-col{flex-direction:column;}}<\/style>\n<div class=\"wp-block-kadence-column kadence-column14_502633-3a\"><div class=\"kt-inside-inner-col\"><style>.wp-block-kadence-advancedgallery.kb-gallery-wrap-id-14_dbe8de-88{overflow:hidden;}.kb-gallery-type-carousel.kb-gallery-id-14_dbe8de-88 .kt-blocks-carousel .kt-blocks-carousel-init:not( .splide-initialized ){margin-left:-15px;margin-right:-15px;}.kb-gallery-type-carousel.kb-gallery-id-14_dbe8de-88 .kt-blocks-carousel .kt-blocks-carousel-init:not( .splide-initialized ) .kb-slide-item{padding-left:15px;padding-right:15px;}.kb-gallery-id-14_dbe8de-88 .kadence-blocks-gallery-item .kb-gal-image-radius{border-radius:0px 0px 0px 0px;}.kb-gallery-id-14_dbe8de-88 .kadence-blocks-gallery-item .kadence-blocks-gallery-item-inner .kadence-blocks-gallery-item__caption{background:linear-gradient( 0deg, rgba(0, 0, 0, 0.5) 0, rgba(0, 0, 0, 0) 100% );}.kb-gallery-caption-style-cover-hover.kb-gallery-id-14_dbe8de-88 .kadence-blocks-gallery-item .kadence-blocks-gallery-item-inner .kadence-blocks-gallery-item__caption, .kb-gallery-caption-style-below.kb-gallery-id-14_dbe8de-88 .kadence-blocks-gallery-item .kadence-blocks-gallery-item-inner .kadence-blocks-gallery-item__caption{background:rgba(0, 0, 0, 0.5);}<\/style><div class=\"kb-gallery-wrap-id-14_dbe8de-88 alignnone wp-block-kadence-advancedgallery\"><div class=\"kb-gallery-ul kb-gallery-non-static kb-gallery-type-carousel kb-gallery-id-14_dbe8de-88 kb-gallery-caption-style-bottom-hover kb-gallery-filter-none\" data-image-filter=\"none\" data-lightbox-caption=\"true\"><div class=\"kt-blocks-carousel kt-carousel-container-dotstyle-dark\"><div class=\"kt-blocks-carousel-init kb-gallery-carousel kt-carousel-arrowstyle-whiteondark kt-carousel-dotstyle-dark\" data-columns-xxl=\"3\" data-columns-xl=\"3\" data-columns-md=\"3\" data-columns-sm=\"2\" data-columns-xs=\"1\" data-columns-ss=\"1\" data-slider-anim-speed=\"400\" data-slider-scroll=\"1\" data-slider-arrows=\"true\" data-slider-dots=\"true\" data-slider-hover-pause=\"false\" data-slider-auto=\"1\" data-slider-speed=\"7000\" data-slider-gap=\"30px\" data-slider-gap-tablet=\"30px\" data-slider-gap-mobile=\"30px\"><div class=\"kb-slide-item kb-gallery-carousel-item\"><div class=\"kadence-blocks-gallery-item\"><div class=\"kadence-blocks-gallery-item-inner\"><figure class=\"kb-gallery-figure kadence-blocks-gallery-item-has-caption\" \"><div class=\"kb-gal-image-radius\"><div class=\"kb-gallery-image-contain kadence-blocks-gallery-intrinsic kb-gallery-image-ratio-land32 kb-has-image-ratio-land32\" ><img loading=\"lazy\" decoding=\"async\" src=\"https:\/\/dtffilmmfr.com\/wp-content\/uploads\/2023\/05\/IMG_2712-1024x768.jpg\" width=\"1024\" height=\"768\" alt=\"\" data-full-image=\"https:\/\/dtffilmmfr.com\/wp-content\/uploads\/2023\/05\/IMG_2712-scaled.jpg\" data-light-image=\"https:\/\/dtffilmmfr.com\/wp-content\/uploads\/2023\/05\/IMG_2712-scaled.jpg\" data-id=\"3791\" class=\"wp-image-3791 skip-lazy\" srcset=\"https:\/\/www.dtffilmmfr.com\/wp-content\/uploads\/2023\/05\/IMG_2712-1024x768.jpg 1024w, https:\/\/www.dtffilmmfr.com\/wp-content\/uploads\/2023\/05\/IMG_2712-300x225.jpg 300w, https:\/\/www.dtffilmmfr.com\/wp-content\/uploads\/2023\/05\/IMG_2712-768x576.jpg 768w, https:\/\/www.dtffilmmfr.com\/wp-content\/uploads\/2023\/05\/IMG_2712-1536x1152.jpg 1536w, https:\/\/www.dtffilmmfr.com\/wp-content\/uploads\/2023\/05\/IMG_2712-2048x1536.jpg 2048w\" sizes=\"auto, (max-width: 1024px) 100vw, 1024px\" \/><\/div><\/div><\/figure><\/div><\/div><\/div><div class=\"kb-slide-item kb-gallery-carousel-item\"><div class=\"kadence-blocks-gallery-item\"><div class=\"kadence-blocks-gallery-item-inner\"><figure class=\"kb-gallery-figure kadence-blocks-gallery-item-has-caption\" \"><div class=\"kb-gal-image-radius\"><div class=\"kb-gallery-image-contain kadence-blocks-gallery-intrinsic kb-gallery-image-ratio-land32 kb-has-image-ratio-land32\" ><img loading=\"lazy\" decoding=\"async\" src=\"https:\/\/dtffilmmfr.com\/wp-content\/uploads\/2023\/05\/IMG_2713-1024x768.jpg\" width=\"1024\" height=\"768\" alt=\"Our Workshop\" data-full-image=\"https:\/\/dtffilmmfr.com\/wp-content\/uploads\/2023\/05\/IMG_2713-scaled.jpg\" data-light-image=\"https:\/\/dtffilmmfr.com\/wp-content\/uploads\/2023\/05\/IMG_2713-scaled.jpg\" data-id=\"3792\" class=\"wp-image-3792 skip-lazy\" srcset=\"https:\/\/www.dtffilmmfr.com\/wp-content\/uploads\/2023\/05\/IMG_2713-1024x768.jpg 1024w, https:\/\/www.dtffilmmfr.com\/wp-content\/uploads\/2023\/05\/IMG_2713-300x225.jpg 300w, https:\/\/www.dtffilmmfr.com\/wp-content\/uploads\/2023\/05\/IMG_2713-768x576.jpg 768w, https:\/\/www.dtffilmmfr.com\/wp-content\/uploads\/2023\/05\/IMG_2713-1536x1152.jpg 1536w, https:\/\/www.dtffilmmfr.com\/wp-content\/uploads\/2023\/05\/IMG_2713-2048x1536.jpg 2048w\" sizes=\"auto, (max-width: 1024px) 100vw, 1024px\" \/><\/div><\/div><\/figure><\/div><\/div><\/div><div class=\"kb-slide-item kb-gallery-carousel-item\"><div class=\"kadence-blocks-gallery-item\"><div class=\"kadence-blocks-gallery-item-inner\"><figure class=\"kb-gallery-figure kadence-blocks-gallery-item-has-caption\" \"><div class=\"kb-gal-image-radius\"><div class=\"kb-gallery-image-contain kadence-blocks-gallery-intrinsic kb-gallery-image-ratio-land32 kb-has-image-ratio-land32\" ><img loading=\"lazy\" decoding=\"async\" src=\"https:\/\/dtffilmmfr.com\/wp-content\/uploads\/2023\/05\/IMG_2741-1024x768.jpg\" width=\"1024\" height=\"768\" alt=\"Our Workshop\" data-full-image=\"https:\/\/dtffilmmfr.com\/wp-content\/uploads\/2023\/05\/IMG_2741-scaled.jpg\" data-light-image=\"https:\/\/dtffilmmfr.com\/wp-content\/uploads\/2023\/05\/IMG_2741-scaled.jpg\" data-id=\"3794\" class=\"wp-image-3794 skip-lazy\" srcset=\"https:\/\/www.dtffilmmfr.com\/wp-content\/uploads\/2023\/05\/IMG_2741-1024x768.jpg 1024w, https:\/\/www.dtffilmmfr.com\/wp-content\/uploads\/2023\/05\/IMG_2741-300x225.jpg 300w, https:\/\/www.dtffilmmfr.com\/wp-content\/uploads\/2023\/05\/IMG_2741-768x576.jpg 768w, https:\/\/www.dtffilmmfr.com\/wp-content\/uploads\/2023\/05\/IMG_2741-1536x1152.jpg 1536w, https:\/\/www.dtffilmmfr.com\/wp-content\/uploads\/2023\/05\/IMG_2741-2048x1536.jpg 2048w\" sizes=\"auto, (max-width: 1024px) 100vw, 1024px\" \/><\/div><\/div><\/figure><\/div><\/div><\/div><div class=\"kb-slide-item kb-gallery-carousel-item\"><div class=\"kadence-blocks-gallery-item\"><div class=\"kadence-blocks-gallery-item-inner\"><figure class=\"kb-gallery-figure kadence-blocks-gallery-item-has-caption\" \"><div class=\"kb-gal-image-radius\"><div class=\"kb-gallery-image-contain kadence-blocks-gallery-intrinsic kb-gallery-image-ratio-land32 kb-has-image-ratio-land32\" ><img loading=\"lazy\" decoding=\"async\" src=\"https:\/\/dtffilmmfr.com\/wp-content\/uploads\/2023\/05\/IMG_2742-1024x768.jpg\" width=\"1024\" height=\"768\" alt=\"Our Workshop\" data-full-image=\"https:\/\/dtffilmmfr.com\/wp-content\/uploads\/2023\/05\/IMG_2742-scaled.jpg\" data-light-image=\"https:\/\/dtffilmmfr.com\/wp-content\/uploads\/2023\/05\/IMG_2742-scaled.jpg\" data-id=\"3793\" class=\"wp-image-3793 skip-lazy\" srcset=\"https:\/\/www.dtffilmmfr.com\/wp-content\/uploads\/2023\/05\/IMG_2742-1024x768.jpg 1024w, https:\/\/www.dtffilmmfr.com\/wp-content\/uploads\/2023\/05\/IMG_2742-300x225.jpg 300w, https:\/\/www.dtffilmmfr.com\/wp-content\/uploads\/2023\/05\/IMG_2742-768x576.jpg 768w, https:\/\/www.dtffilmmfr.com\/wp-content\/uploads\/2023\/05\/IMG_2742-1536x1152.jpg 1536w, https:\/\/www.dtffilmmfr.com\/wp-content\/uploads\/2023\/05\/IMG_2742-2048x1536.jpg 2048w\" sizes=\"auto, (max-width: 1024px) 100vw, 1024px\" \/><\/div><\/div><\/figure><\/div><\/div><\/div><div class=\"kb-slide-item kb-gallery-carousel-item\"><div class=\"kadence-blocks-gallery-item\"><div class=\"kadence-blocks-gallery-item-inner\"><figure class=\"kb-gallery-figure kadence-blocks-gallery-item-has-caption\" \"><div class=\"kb-gal-image-radius\"><div class=\"kb-gallery-image-contain kadence-blocks-gallery-intrinsic kb-gallery-image-ratio-land32 kb-has-image-ratio-land32\" ><img loading=\"lazy\" decoding=\"async\" src=\"https:\/\/dtffilmmfr.com\/wp-content\/uploads\/2023\/05\/IMG_2732-1024x768.jpg\" width=\"1024\" height=\"768\" alt=\"\" data-full-image=\"https:\/\/dtffilmmfr.com\/wp-content\/uploads\/2023\/05\/IMG_2732-scaled.jpg\" data-light-image=\"https:\/\/dtffilmmfr.com\/wp-content\/uploads\/2023\/05\/IMG_2732-scaled.jpg\" data-id=\"3795\" class=\"wp-image-3795 skip-lazy\" srcset=\"https:\/\/www.dtffilmmfr.com\/wp-content\/uploads\/2023\/05\/IMG_2732-1024x768.jpg 1024w, https:\/\/www.dtffilmmfr.com\/wp-content\/uploads\/2023\/05\/IMG_2732-300x225.jpg 300w, https:\/\/www.dtffilmmfr.com\/wp-content\/uploads\/2023\/05\/IMG_2732-768x576.jpg 768w, https:\/\/www.dtffilmmfr.com\/wp-content\/uploads\/2023\/05\/IMG_2732-1536x1152.jpg 1536w, https:\/\/www.dtffilmmfr.com\/wp-content\/uploads\/2023\/05\/IMG_2732-2048x1536.jpg 2048w\" sizes=\"auto, (max-width: 1024px) 100vw, 1024px\" \/><\/div><\/div><\/figure><\/div><\/div><\/div><div class=\"kb-slide-item kb-gallery-carousel-item\"><div class=\"kadence-blocks-gallery-item\"><div class=\"kadence-blocks-gallery-item-inner\"><figure class=\"kb-gallery-figure kadence-blocks-gallery-item-has-caption\" \"><div class=\"kb-gal-image-radius\"><div class=\"kb-gallery-image-contain kadence-blocks-gallery-intrinsic kb-gallery-image-ratio-land32 kb-has-image-ratio-land32\" ><img loading=\"lazy\" decoding=\"async\" src=\"https:\/\/dtffilmmfr.com\/wp-content\/uploads\/2023\/05\/IMG_2740-1024x768.jpg\" width=\"1024\" height=\"768\" alt=\"\" data-full-image=\"https:\/\/dtffilmmfr.com\/wp-content\/uploads\/2023\/05\/IMG_2740-scaled.jpg\" data-light-image=\"https:\/\/dtffilmmfr.com\/wp-content\/uploads\/2023\/05\/IMG_2740-scaled.jpg\" data-id=\"3796\" class=\"wp-image-3796 skip-lazy\" srcset=\"https:\/\/www.dtffilmmfr.com\/wp-content\/uploads\/2023\/05\/IMG_2740-1024x768.jpg 1024w, https:\/\/www.dtffilmmfr.com\/wp-content\/uploads\/2023\/05\/IMG_2740-300x225.jpg 300w, https:\/\/www.dtffilmmfr.com\/wp-content\/uploads\/2023\/05\/IMG_2740-768x576.jpg 768w, https:\/\/www.dtffilmmfr.com\/wp-content\/uploads\/2023\/05\/IMG_2740-1536x1152.jpg 1536w, https:\/\/www.dtffilmmfr.com\/wp-content\/uploads\/2023\/05\/IMG_2740-2048x1536.jpg 2048w\" sizes=\"auto, (max-width: 1024px) 100vw, 1024px\" \/><\/div><\/div><\/figure><\/div><\/div><\/div><\/div><\/div><\/div><\/div><\/div><\/div>\n\n\n<style>.kadence-column14_aff0f2-cb > .kt-inside-inner-col,.kadence-column14_aff0f2-cb > .kt-inside-inner-col:before{border-top-left-radius:0px;border-top-right-radius:0px;border-bottom-right-radius:0px;border-bottom-left-radius:0px;}.kadence-column14_aff0f2-cb > .kt-inside-inner-col{column-gap:var(--global-kb-gap-sm, 1rem);}.kadence-column14_aff0f2-cb > .kt-inside-inner-col{flex-direction:column;}.kadence-column14_aff0f2-cb > .kt-inside-inner-col > .aligncenter{width:100%;}.kadence-column14_aff0f2-cb > .kt-inside-inner-col:before{opacity:0.3;}.kadence-column14_aff0f2-cb{position:relative;}@media all and (max-width: 1024px){.kadence-column14_aff0f2-cb > .kt-inside-inner-col{flex-direction:column;}}@media all and (max-width: 767px){.kadence-column14_aff0f2-cb > .kt-inside-inner-col{flex-direction:column;}}<\/style>\n<div class=\"wp-block-kadence-column kadence-column14_aff0f2-cb\"><div class=\"kt-inside-inner-col\"><\/div><\/div>\n\n<\/div><\/div>\n\n<p>","protected":false},"excerpt":{"rendered":"<p>Nuestras pel\u00edculas DTF se utilizan en diversas aplicaciones, incluidas. Son conocidos por sus caracter\u00edsticas clave de la siguiente manera. Nuestras instalaciones de producci\u00f3n de \u00faltima generaci\u00f3n est\u00e1n equipadas con tecnolog\u00eda avanzada, lo que nos permite producir pel\u00edculas DTF de alta calidad de manera constante. Contamos con un equipo de profesionales altamente capacitados y experimentados que&#8230;<\/p>\n","protected":false},"author":1,"featured_media":0,"parent":0,"menu_order":0,"comment_status":"closed","ping_status":"closed","template":"","meta":{"_kad_blocks_custom_css":"","_kad_blocks_head_custom_js":"","_kad_blocks_body_custom_js":"","_kad_blocks_footer_custom_js":"","_kad_post_transparent":"","_kad_post_title":"show","_kad_post_layout":"normal","_kad_post_sidebar_id":"","_kad_post_content_style":"unboxed","_kad_post_vertical_padding":"hide","_kad_post_feature":"hide","_kad_post_feature_position":"","_kad_post_header":false,"_kad_post_footer":false,"footnotes":""},"class_list":["post-14","page","type-page","status-publish","hentry"],"translation":{"provider":"WPGlobus","version":"2.12.0","language":"es","enabled_languages":["en","es","ru"],"languages":{"en":{"title":true,"content":true,"excerpt":false},"es":{"title":false,"content":true,"excerpt":false},"ru":{"title":false,"content":true,"excerpt":false}}},"aioseo_notices":[],"taxonomy_info":[],"featured_image_src_large":false,"author_info":{"display_name":"MAX DTF","author_link":"https:\/\/www.dtffilmmfr.com\/es\/author\/futdth\/"},"comment_info":0,"_links":{"self":[{"href":"https:\/\/www.dtffilmmfr.com\/es\/wp-json\/wp\/v2\/pages\/14","targetHints":{"allow":["GET"]}}],"collection":[{"href":"https:\/\/www.dtffilmmfr.com\/es\/wp-json\/wp\/v2\/pages"}],"about":[{"href":"https:\/\/www.dtffilmmfr.com\/es\/wp-json\/wp\/v2\/types\/page"}],"author":[{"embeddable":true,"href":"https:\/\/www.dtffilmmfr.com\/es\/wp-json\/wp\/v2\/users\/1"}],"replies":[{"embeddable":true,"href":"https:\/\/www.dtffilmmfr.com\/es\/wp-json\/wp\/v2\/comments?post=14"}],"version-history":[{"count":195,"href":"https:\/\/www.dtffilmmfr.com\/es\/wp-json\/wp\/v2\/pages\/14\/revisions"}],"predecessor-version":[{"id":17347,"href":"https:\/\/www.dtffilmmfr.com\/es\/wp-json\/wp\/v2\/pages\/14\/revisions\/17347"}],"wp:attachment":[{"href":"https:\/\/www.dtffilmmfr.com\/es\/wp-json\/wp\/v2\/media?parent=14"}],"curies":[{"name":"wp","href":"https:\/\/api.w.org\/{rel}","templated":true}]}}